{"id":1395,"date":"2025-06-02T02:02:49","date_gmt":"2025-06-02T00:02:49","guid":{"rendered":"https:\/\/livinlyon.com\/?page_id=1395"},"modified":"2026-04-12T19:52:19","modified_gmt":"2026-04-12T17:52:19","slug":"logement","status":"publish","type":"page","link":"https:\/\/livinlyon.com\/index.php\/logement\/","title":{"rendered":"Guide Logement Lyon &#8211; Trouver son appartement"},"content":{"rendered":"<div style=\"max-width: 800px; margin: 0 auto;\">\n<p style=\"font-size: 1.1em;\"><strong>Trouver un logement \u00e0 Lyon<\/strong> peut sembler complexe, mais avec les bonnes informations, vous maximisez vos chances. Ce guide vous pr\u00e9sente les diff\u00e9rentes options selon votre profil.<\/p>\n<h2>Types de logement disponibles<\/h2>\n<h3>Colocation<\/h3>\n<p>Id\u00e9ale pour les \u00e9tudiants et jeunes actifs souhaitant r\u00e9duire leurs charges. Les prix commencent <strong>\u00e0 partir de 560\u20ac\/mois<\/strong> charges comprises pour une chambre dans un appartement partag\u00e9.<\/p>\n<p><strong>O\u00f9 trouver une colocation \u00e0 Lyon :<\/strong><\/p>\n<ul>\n<li><a href=\"https:\/\/www.livalia.com\" target=\"_blank\" rel=\"noopener\">Livalia<\/a> &#8211; Colocations meubl\u00e9es avec services inclus<\/li>\n<li><a href=\"https:\/\/www.leboncoin.fr\/recherche?category=10&#038;locations=Lyon\" target=\"_blank\" rel=\"noopener\">Leboncoin<\/a> &#8211; Annonces de particuliers<\/li>\n<li><a href=\"https:\/\/www.lacartedescolocs.fr\/colocations\/lyon\" target=\"_blank\" rel=\"noopener\">La Carte des Colocs<\/a> &#8211; Plateforme sp\u00e9cialis\u00e9e colocation<\/li>\n<\/ul>\n<p><strong>Avantages de la colocation :<\/strong> Co\u00fbt r\u00e9duit, vie sociale, pas de garant obligatoire parfois.<\/p>\n<h3>R\u00e9sidences \u00e9tudiantes<\/h3>\n<p>Solutions cl\u00e9 en main pour les \u00e9tudiants. Les principaux acteurs \u00e0 Lyon :<\/p>\n<ul>\n<li><strong>CROUS Lyon<\/strong> &#8211; Le plus \u00e9conomique (150-400\u20ac\/mois)<\/li>\n<li><strong>Stud\u00e9lites<\/strong> &#8211; Studios modernes (450-650\u20ac\/mois)<\/li>\n<li><strong>Nexity Studea<\/strong> &#8211; R\u00e9sidences premium (500-700\u20ac\/mois)<\/li>\n<\/ul>\n<h3>Studios et appartements<\/h3>\n<p>Pour plus d&rsquo;ind\u00e9pendance. Prix moyens \u00e0 Lyon :<\/p>\n<ul>\n<li><strong>Studio<\/strong> : 500-700\u20ac\/mois<\/li>\n<li><strong>T2<\/strong> : 650-900\u20ac\/mois<\/li>\n<li><strong>T3<\/strong> : 900-1200\u20ac\/mois<\/li>\n<\/ul>\n<h2>Les meilleurs quartiers pour habiter<\/h2>\n<p>Consultez nos guides d\u00e9taill\u00e9s par quartier pour choisir le lieu id\u00e9al selon votre budget et style de vie :<\/p>\n<ul>\n<li><a href=\"\/index.php\/2026\/04\/12\/croix-rousse-lyon-guide-quartier-2\/\">La Croix-Rousse<\/a> &#8211; Quartier boh\u00e8me et village<\/li>\n<li><a href=\"\/index.php\/2026\/04\/12\/part-dieu-lyon-guide-quartier-affaires-2\/\">Part-Dieu<\/a> &#8211; Centre d&rsquo;affaires et transports<\/li>\n<li><a href=\"\/index.php\/2026\/04\/12\/confluence-lyon-guide-quartier-moderne-2\/\">Confluence<\/a> &#8211; Quartier moderne et architecture<\/li>\n<li><a href=\"\/index.php\/2026\/04\/12\/guillotiere-lyon-7-guide-quartier-2\/\">La Guilloti\u00e8re<\/a> &#8211; Quartier cosmopolite<\/li>\n<li><a href=\"\/index.php\/2026\/04\/12\/vieux-lyon-guide-quartier-renaissance-2\/\">Vieux-Lyon<\/a> &#8211; Quartier historique UNESCO<\/li>\n<li><a href=\"\/index.php\/2026\/04\/12\/presquile-lyon-bellecour-terreaux-guide-2\/\">Presqu&rsquo;\u00eele<\/a> &#8211; Bellecour, Terreaux, Ainay<\/li>\n<li><a href=\"\/index.php\/2026\/04\/12\/gerland-lyon-7-guide-quartier-2\/\">Gerland<\/a> &#8211; Quartier \u00e9tudiant et sportif<\/li>\n<li><a href=\"\/index.php\/2026\/04\/12\/jean-mace-lyon-7-guide-quartier-2\/\">Jean Mac\u00e9<\/a> &#8211; Quartier familial<\/li>\n<\/ul>\n<h2>Ressources officielles<\/h2>\n<ul>\n<li><a href=\"https:\/\/www.service-public.fr\/particuliers\/vosdroits\/N19808\" target=\"_blank\" rel=\"noopener\">Service-Public.fr<\/a> &#8211; Droits des locataires<\/li>\n<li><a href=\"https:\/\/www.adil69.org\" target=\"_blank\" rel=\"noopener\">ADIL du Rh\u00f4ne<\/a> &#8211; Conseils logement gratuits<\/li>\n<li><a href=\"https:\/\/www.actionlogement.fr\" target=\"_blank\" rel=\"noopener\">Action Logement<\/a> &#8211; Aides pour salari\u00e9s<\/li>\n<li><a href=\"https:\/\/www.caf.fr\" target=\"_blank\" rel=\"noopener\">CAF<\/a> &#8211; Aides au logement (APL)<\/li>\n<\/ul>\n<\/div>\n","protected":false},"excerpt":{"rendered":"<p>Trouver un logement \u00e0 Lyon peut sembler complexe, mais avec les bonnes informations, vous maximisez vos chances. Ce guide vous pr\u00e9sente les diff\u00e9rentes options selon votre profil. Types de logement disponibles Colocation Id\u00e9ale pour les \u00e9tudiants et jeunes actifs souhaitant r\u00e9duire leurs charges. Les prix commencent \u00e0 partir de 560\u20ac\/mois charges comprises pour une chambre [&hellip;]<\/p>\n","protected":false},"author":1,"featured_media":0,"parent":0,"menu_order":0,"comment_status":"closed","ping_status":"closed","template":"","meta":{"site-sidebar-layout":"default","site-content-layout":"","ast-site-content-layout":"default","site-content-style":"default","site-sidebar-style":"default","ast-global-header-display":"","ast-banner-title-visibility":"","ast-main-header-display":"","ast-hfb-above-header-display":"","ast-hfb-below-header-display":"","ast-hfb-mobile-header-display":"","site-post-title":"","ast-breadcrumbs-content":"","ast-featured-img":"","footer-sml-layout":"","ast-disable-related-posts":"","theme-transparent-header-meta":"","adv-header-id-meta":"","stick-header-meta":"","header-above-stick-meta":"","header-main-stick-meta":"","header-below-stick-meta":"","astra-migrate-meta-layouts":"default","ast-page-background-enabled":"default","ast-page-background-meta":{"desktop":{"background-color":"var(--ast-global-color-4)","background-image":"","background-repeat":"repeat","background-position":"center center","background-size":"auto","background-attachment":"scroll","background-type":"","background-media":"","overlay-type":"","overlay-color":"","overlay-opacity":"","overlay-gradient":""},"tablet":{"background-color":"","background-image":"","background-repeat":"repeat","background-position":"center center","background-size":"auto","background-attachment":"scroll","background-type":"","background-media":"","overlay-type":"","overlay-color":"","overlay-opacity":"","overlay-gradient":""},"mobile":{"background-color":"","background-image":"","background-repeat":"repeat","background-position":"center center","background-size":"auto","background-attachment":"scroll","background-type":"","background-media":"","overlay-type":"","overlay-color":"","overlay-opacity":"","overlay-gradient":""}},"ast-content-background-meta":{"desktop":{"background-color":"var(--ast-global-color-5)","background-image":"","background-repeat":"repeat","background-position":"center center","background-size":"auto","background-attachment":"scroll","background-type":"","background-media":"","overlay-type":"","overlay-color":"","overlay-opacity":"","overlay-gradient":""},"tablet":{"background-color":"var(--ast-global-color-5)","background-image":"","background-repeat":"repeat","background-position":"center center","background-size":"auto","background-attachment":"scroll","background-type":"","background-media":"","overlay-type":"","overlay-color":"","overlay-opacity":"","overlay-gradient":""},"mobile":{"background-color":"var(--ast-global-color-5)","background-image":"","background-repeat":"repeat","background-position":"center center","background-size":"auto","background-attachment":"scroll","background-type":"","background-media":"","overlay-type":"","overlay-color":"","overlay-opacity":"","overlay-gradient":""}},"footnotes":""},"class_list":["post-1395","page","type-page","status-publish","hentry"],"_links":{"self":[{"href":"https:\/\/livinlyon.com\/index.php\/wp-json\/wp\/v2\/pages\/1395","targetHints":{"allow":["GET"]}}],"collection":[{"href":"https:\/\/livinlyon.com\/index.php\/wp-json\/wp\/v2\/pages"}],"about":[{"href":"https:\/\/livinlyon.com\/index.php\/wp-json\/wp\/v2\/types\/page"}],"author":[{"embeddable":true,"href":"https:\/\/livinlyon.com\/index.php\/wp-json\/wp\/v2\/users\/1"}],"replies":[{"embeddable":true,"href":"https:\/\/livinlyon.com\/index.php\/wp-json\/wp\/v2\/comments?post=1395"}],"version-history":[{"count":4,"href":"https:\/\/livinlyon.com\/index.php\/wp-json\/wp\/v2\/pages\/1395\/revisions"}],"predecessor-version":[{"id":1938,"href":"https:\/\/livinlyon.com\/index.php\/wp-json\/wp\/v2\/pages\/1395\/revisions\/1938"}],"wp:attachment":[{"href":"https:\/\/livinlyon.com\/index.php\/wp-json\/wp\/v2\/media?parent=1395"}],"curies":[{"name":"wp","href":"https:\/\/api.w.org\/{rel}","templated":true}]}}