{"id":1399,"date":"2025-06-02T02:02:49","date_gmt":"2025-06-02T00:02:49","guid":{"rendered":"https:\/\/livinlyon.com\/?page_id=1399"},"modified":"2026-04-11T19:02:06","modified_gmt":"2026-04-11T17:02:06","slug":"ressources","status":"publish","type":"page","link":"https:\/\/livinlyon.com\/index.php\/ressources\/","title":{"rendered":"Ressources utiles &#8211; Lyon"},"content":{"rendered":"<div style=\"max-width: 800px; margin: 0 auto;\">\n<p>Retrouvez ici toutes les <strong>ressources officielles<\/strong> pour faciliter votre vie \u00e0 Lyon.<\/p>\n<h2>Logement<\/h2>\n<table style=\"width: 100%; border-collapse: collapse; margin: 20px 0;\">\n<tr>\n<td style=\"padding: 10px; border: 1px solid #ddd;\"><a href=\"https:\/\/www.crous-lyon.fr\" target=\"_blank\" rel=\"noopener\">CROUS Lyon<\/a><\/td>\n<td style=\"padding: 10px; border: 1px solid #ddd;\">Logements \u00e9tudiants publics<\/td>\n<\/tr>\n<tr>\n<td style=\"padding: 10px; border: 1px solid #ddd;\"><a href=\"https:\/\/www.caf.fr\" target=\"_blank\" rel=\"noopener\">CAF<\/a><\/td>\n<td style=\"padding: 10px; border: 1px solid #ddd;\">Aides au logement (APL)<\/td>\n<\/tr>\n<tr>\n<td style=\"padding: 10px; border: 1px solid #ddd;\"><a href=\"https:\/\/www.adil69.org\" target=\"_blank\" rel=\"noopener\">ADIL 69<\/a><\/td>\n<td style=\"padding: 10px; border: 1px solid #ddd;\">Conseils juridiques logement<\/td>\n<\/tr>\n<tr>\n<td style=\"padding: 10px; border: 1px solid #ddd;\"><a href=\"https:\/\/www.actionlogement.fr\" target=\"_blank\" rel=\"noopener\">Action Logement<\/a><\/td>\n<td style=\"padding: 10px; border: 1px solid #ddd;\">Aides pour salari\u00e9s<\/td>\n<\/tr>\n<\/table>\n<h2>Transports<\/h2>\n<table style=\"width: 100%; border-collapse: collapse; margin: 20px 0;\">\n<tr>\n<td style=\"padding: 10px; border: 1px solid #ddd;\"><a href=\"https:\/\/www.tcl.fr\" target=\"_blank\" rel=\"noopener\">TCL<\/a><\/td>\n<td style=\"padding: 10px; border: 1px solid #ddd;\">M\u00e9tro, bus, tramway<\/td>\n<\/tr>\n<tr>\n<td style=\"padding: 10px; border: 1px solid #ddd;\"><a href=\"https:\/\/velov.grandlyon.com\" target=\"_blank\" rel=\"noopener\">V\u00e9lo&rsquo;v<\/a><\/td>\n<td style=\"padding: 10px; border: 1px solid #ddd;\">V\u00e9los en libre-service<\/td>\n<\/tr>\n<tr>\n<td style=\"padding: 10px; border: 1px solid #ddd;\"><a href=\"https:\/\/www.sncf-connect.com\" target=\"_blank\" rel=\"noopener\">SNCF<\/a><\/td>\n<td style=\"padding: 10px; border: 1px solid #ddd;\">Trains (Part-Dieu, Perrache)<\/td>\n<\/tr>\n<\/table>\n<h2>Vie quotidienne<\/h2>\n<table style=\"width: 100%; border-collapse: collapse; margin: 20px 0;\">\n<tr>\n<td style=\"padding: 10px; border: 1px solid #ddd;\"><a href=\"https:\/\/www.lyon.fr\" target=\"_blank\" rel=\"noopener\">Ville de Lyon<\/a><\/td>\n<td style=\"padding: 10px; border: 1px solid #ddd;\">Services municipaux<\/td>\n<\/tr>\n<tr>\n<td style=\"padding: 10px; border: 1px solid #ddd;\"><a href=\"https:\/\/www.grandlyon.com\" target=\"_blank\" rel=\"noopener\">M\u00e9tropole de Lyon<\/a><\/td>\n<td style=\"padding: 10px; border: 1px solid #ddd;\">Services m\u00e9tropolitains<\/td>\n<\/tr>\n<tr>\n<td style=\"padding: 10px; border: 1px solid #ddd;\"><a href=\"https:\/\/www.onlylyon.com\" target=\"_blank\" rel=\"noopener\">OnlyLyon<\/a><\/td>\n<td style=\"padding: 10px; border: 1px solid #ddd;\">Tourisme et \u00e9v\u00e9nements<\/td>\n<\/tr>\n<\/table>\n<h2>M\u00e9dias locaux<\/h2>\n<ul>\n<li><a href=\"https:\/\/www.leprogres.fr\" target=\"_blank\" rel=\"noopener\">Le Progr\u00e8s<\/a> &#8211; Quotidien r\u00e9gional<\/li>\n<li><a href=\"https:\/\/www.tribunedelyon.fr\" target=\"_blank\" rel=\"noopener\">Tribune de Lyon<\/a> &#8211; Hebdomadaire<\/li>\n<li><a href=\"https:\/\/www.petit-bulletin.fr\/lyon\" target=\"_blank\" rel=\"noopener\">Le Petit Bulletin<\/a> &#8211; Culture et sorties<\/li>\n<\/ul>\n<\/div>\n","protected":false},"excerpt":{"rendered":"<p>Retrouvez ici toutes les ressources officielles pour faciliter votre vie \u00e0 Lyon. Logement CROUS Lyon Logements \u00e9tudiants publics CAF Aides au logement (APL) ADIL 69 Conseils juridiques logement Action Logement Aides pour salari\u00e9s Transports TCL M\u00e9tro, bus, tramway V\u00e9lo&rsquo;v V\u00e9los en libre-service SNCF Trains (Part-Dieu, Perrache) Vie quotidienne Ville de Lyon Services municipaux M\u00e9tropole de [&hellip;]<\/p>\n","protected":false},"author":1,"featured_media":0,"parent":0,"menu_order":0,"comment_status":"closed","ping_status":"closed","template":"","meta":{"site-sidebar-layout":"default","site-content-layout":"","ast-site-content-layout":"default","site-content-style":"default","site-sidebar-style":"default","ast-global-header-display":"","ast-banner-title-visibility":"","ast-main-header-display":"","ast-hfb-above-header-display":"","ast-hfb-below-header-display":"","ast-hfb-mobile-header-display":"","site-post-title":"","ast-breadcrumbs-content":"","ast-featured-img":"","footer-sml-layout":"","ast-disable-related-posts":"","theme-transparent-header-meta":"","adv-header-id-meta":"","stick-header-meta":"","header-above-stick-meta":"","header-main-stick-meta":"","header-below-stick-meta":"","astra-migrate-meta-layouts":"default","ast-page-background-enabled":"default","ast-page-background-meta":{"desktop":{"background-color":"var(--ast-global-color-4)","background-image":"","background-repeat":"repeat","background-position":"center center","background-size":"auto","background-attachment":"scroll","background-type":"","background-media":"","overlay-type":"","overlay-color":"","overlay-opacity":"","overlay-gradient":""},"tablet":{"background-color":"","background-image":"","background-repeat":"repeat","background-position":"center center","background-size":"auto","background-attachment":"scroll","background-type":"","background-media":"","overlay-type":"","overlay-color":"","overlay-opacity":"","overlay-gradient":""},"mobile":{"background-color":"","background-image":"","background-repeat":"repeat","background-position":"center center","background-size":"auto","background-attachment":"scroll","background-type":"","background-media":"","overlay-type":"","overlay-color":"","overlay-opacity":"","overlay-gradient":""}},"ast-content-background-meta":{"desktop":{"background-color":"var(--ast-global-color-5)","background-image":"","background-repeat":"repeat","background-position":"center center","background-size":"auto","background-attachment":"scroll","background-type":"","background-media":"","overlay-type":"","overlay-color":"","overlay-opacity":"","overlay-gradient":""},"tablet":{"background-color":"var(--ast-global-color-5)","background-image":"","background-repeat":"repeat","background-position":"center center","background-size":"auto","background-attachment":"scroll","background-type":"","background-media":"","overlay-type":"","overlay-color":"","overlay-opacity":"","overlay-gradient":""},"mobile":{"background-color":"var(--ast-global-color-5)","background-image":"","background-repeat":"repeat","background-position":"center center","background-size":"auto","background-attachment":"scroll","background-type":"","background-media":"","overlay-type":"","overlay-color":"","overlay-opacity":"","overlay-gradient":""}},"footnotes":""},"class_list":["post-1399","page","type-page","status-publish","hentry"],"_links":{"self":[{"href":"https:\/\/livinlyon.com\/index.php\/wp-json\/wp\/v2\/pages\/1399","targetHints":{"allow":["GET"]}}],"collection":[{"href":"https:\/\/livinlyon.com\/index.php\/wp-json\/wp\/v2\/pages"}],"about":[{"href":"https:\/\/livinlyon.com\/index.php\/wp-json\/wp\/v2\/types\/page"}],"author":[{"embeddable":true,"href":"https:\/\/livinlyon.com\/index.php\/wp-json\/wp\/v2\/users\/1"}],"replies":[{"embeddable":true,"href":"https:\/\/livinlyon.com\/index.php\/wp-json\/wp\/v2\/comments?post=1399"}],"version-history":[{"count":2,"href":"https:\/\/livinlyon.com\/index.php\/wp-json\/wp\/v2\/pages\/1399\/revisions"}],"predecessor-version":[{"id":1902,"href":"https:\/\/livinlyon.com\/index.php\/wp-json\/wp\/v2\/pages\/1399\/revisions\/1902"}],"wp:attachment":[{"href":"https:\/\/livinlyon.com\/index.php\/wp-json\/wp\/v2\/media?parent=1399"}],"curies":[{"name":"wp","href":"https:\/\/api.w.org\/{rel}","templated":true}]}}