{"id":1401,"date":"2025-06-02T02:02:49","date_gmt":"2025-06-02T00:02:49","guid":{"rendered":"https:\/\/livinlyon.com\/?page_id=1401"},"modified":"2026-04-12T18:54:29","modified_gmt":"2026-04-12T16:54:29","slug":"contact","status":"publish","type":"page","link":"https:\/\/livinlyon.com\/index.php\/contact\/","title":{"rendered":"Contact"},"content":{"rendered":"<div style=\"max-width: 600px; margin: 0 auto;\">\n<p>Vous avez une question sur le logement \u00e0 Lyon ? Une suggestion pour am\u00e9liorer nos guides ?<\/p>\n<h2>Nous contacter<\/h2>\n<p>Envoyez-nous un email \u00e0 : <strong>contact@livinlyon.com<\/strong><\/p>\n<p>Nous r\u00e9pondons g\u00e9n\u00e9ralement sous 48 heures.<\/p>\n<h2>\u00c0 propos de LivinLyon<\/h2>\n<p>LivinLyon est un guide ind\u00e9pendant cr\u00e9\u00e9 pour aider les \u00e9tudiants et jeunes actifs \u00e0 trouver leur logement \u00e0 Lyon. Nos articles sont r\u00e9dig\u00e9s par des personnes qui connaissent la ville.<\/p>\n<h2>Suivez-nous<\/h2>\n<p>Retrouvez nos derniers articles et conseils sur le blog.<\/p>\n<\/div>\n","protected":false},"excerpt":{"rendered":"<p>Vous avez une question sur le logement \u00e0 Lyon ? Une suggestion pour am\u00e9liorer nos guides ? Nous contacter Envoyez-nous un email \u00e0 : contact@livinlyon.com Nous r\u00e9pondons g\u00e9n\u00e9ralement sous 48 heures. \u00c0 propos de LivinLyon LivinLyon est un guide ind\u00e9pendant cr\u00e9\u00e9 pour aider les \u00e9tudiants et jeunes actifs \u00e0 trouver leur logement \u00e0 Lyon. Nos [&hellip;]<\/p>\n","protected":false},"author":1,"featured_media":0,"parent":0,"menu_order":0,"comment_status":"closed","ping_status":"closed","template":"","meta":{"site-sidebar-layout":"default","site-content-layout":"","ast-site-content-layout":"default","site-content-style":"default","site-sidebar-style":"default","ast-global-header-display":"","ast-banner-title-visibility":"","ast-main-header-display":"","ast-hfb-above-header-display":"","ast-hfb-below-header-display":"","ast-hfb-mobile-header-display":"","site-post-title":"","ast-breadcrumbs-content":"","ast-featured-img":"","footer-sml-layout":"","ast-disable-related-posts":"","theme-transparent-header-meta":"","adv-header-id-meta":"","stick-header-meta":"","header-above-stick-meta":"","header-main-stick-meta":"","header-below-stick-meta":"","astra-migrate-meta-layouts":"default","ast-page-background-enabled":"default","ast-page-background-meta":{"desktop":{"background-color":"var(--ast-global-color-4)","background-image":"","background-repeat":"repeat","background-position":"center center","background-size":"auto","background-attachment":"scroll","background-type":"","background-media":"","overlay-type":"","overlay-color":"","overlay-opacity":"","overlay-gradient":""},"tablet":{"background-color":"","background-image":"","background-repeat":"repeat","background-position":"center center","background-size":"auto","background-attachment":"scroll","background-type":"","background-media":"","overlay-type":"","overlay-color":"","overlay-opacity":"","overlay-gradient":""},"mobile":{"background-color":"","background-image":"","background-repeat":"repeat","background-position":"center center","background-size":"auto","background-attachment":"scroll","background-type":"","background-media":"","overlay-type":"","overlay-color":"","overlay-opacity":"","overlay-gradient":""}},"ast-content-background-meta":{"desktop":{"background-color":"var(--ast-global-color-5)","background-image":"","background-repeat":"repeat","background-position":"center center","background-size":"auto","background-attachment":"scroll","background-type":"","background-media":"","overlay-type":"","overlay-color":"","overlay-opacity":"","overlay-gradient":""},"tablet":{"background-color":"var(--ast-global-color-5)","background-image":"","background-repeat":"repeat","background-position":"center center","background-size":"auto","background-attachment":"scroll","background-type":"","background-media":"","overlay-type":"","overlay-color":"","overlay-opacity":"","overlay-gradient":""},"mobile":{"background-color":"var(--ast-global-color-5)","background-image":"","background-repeat":"repeat","background-position":"center center","background-size":"auto","background-attachment":"scroll","background-type":"","background-media":"","overlay-type":"","overlay-color":"","overlay-opacity":"","overlay-gradient":""}},"footnotes":""},"class_list":["post-1401","page","type-page","status-publish","hentry"],"_links":{"self":[{"href":"https:\/\/livinlyon.com\/index.php\/wp-json\/wp\/v2\/pages\/1401","targetHints":{"allow":["GET"]}}],"collection":[{"href":"https:\/\/livinlyon.com\/index.php\/wp-json\/wp\/v2\/pages"}],"about":[{"href":"https:\/\/livinlyon.com\/index.php\/wp-json\/wp\/v2\/types\/page"}],"author":[{"embeddable":true,"href":"https:\/\/livinlyon.com\/index.php\/wp-json\/wp\/v2\/users\/1"}],"replies":[{"embeddable":true,"href":"https:\/\/livinlyon.com\/index.php\/wp-json\/wp\/v2\/comments?post=1401"}],"version-history":[{"count":2,"href":"https:\/\/livinlyon.com\/index.php\/wp-json\/wp\/v2\/pages\/1401\/revisions"}],"predecessor-version":[{"id":1903,"href":"https:\/\/livinlyon.com\/index.php\/wp-json\/wp\/v2\/pages\/1401\/revisions\/1903"}],"wp:attachment":[{"href":"https:\/\/livinlyon.com\/index.php\/wp-json\/wp\/v2\/media?parent=1401"}],"curies":[{"name":"wp","href":"https:\/\/api.w.org\/{rel}","templated":true}]}}